{"id":8326,"date":"2025-02-14T08:21:02","date_gmt":"2025-02-14T07:21:02","guid":{"rendered":"https:\/\/maliz.ai\/?page_id=8326"},"modified":"2025-07-14T16:43:30","modified_gmt":"2025-07-14T14:43:30","slug":"infomonaco","status":"publish","type":"page","link":"https:\/\/maliz.ai\/fr\/infomonaco\/","title":{"rendered":"Infomonaco"},"content":{"rendered":"<div data-elementor-type=\"wp-page\" data-elementor-id=\"8326\" class=\"elementor elementor-8326\" data-elementor-post-type=\"page\">\n\t\t\t\t<div class=\"elementor-element elementor-element-40ac1b5 e-con-full e-flex e-con e-parent\" data-id=\"40ac1b5\" data-element_type=\"container\" data-settings=\"{&quot;background_background&quot;:&quot;classic&quot;}\">\n\t\t\t\t<div class=\"elementor-element elementor-element-6ae9fba elementor-widget elementor-widget-image\" data-id=\"6ae9fba\" data-element_type=\"widget\" data-widget_type=\"image.default\">\n\t\t\t\t<div class=\"elementor-widget-container\">\n\t\t\t\t\t\t\t\t\t\t\t\t\t\t\t<img fetchpriority=\"high\" decoding=\"async\" width=\"800\" height=\"400\" src=\"https:\/\/maliz.ai\/wp-content\/uploads\/2025\/02\/Image-pano-Monaco-2.webp\" class=\"attachment-full size-full wp-image-8381\" alt=\"\" srcset=\"https:\/\/maliz.ai\/wp-content\/uploads\/2025\/02\/Image-pano-Monaco-2.webp 800w, https:\/\/maliz.ai\/wp-content\/uploads\/2025\/02\/Image-pano-Monaco-2-300x150.webp 300w, https:\/\/maliz.ai\/wp-content\/uploads\/2025\/02\/Image-pano-Monaco-2-768x384.webp 768w, https:\/\/maliz.ai\/wp-content\/uploads\/2025\/02\/Image-pano-Monaco-2-18x9.webp 18w, https:\/\/maliz.ai\/wp-content\/uploads\/2025\/02\/Image-pano-Monaco-2-200x100.webp 200w\" sizes=\"(max-width: 800px) 100vw, 800px\" \/>\t\t\t\t\t\t\t\t\t\t\t\t\t\t\t<\/div>\n\t\t\t\t<\/div>\n\t\t\t\t<\/div>\n\t\t<div class=\"elementor-element elementor-element-1293e7e e-flex e-con-boxed e-con e-parent\" data-id=\"1293e7e\" data-element_type=\"container\" data-settings=\"{&quot;background_background&quot;:&quot;classic&quot;}\">\n\t\t\t\t\t<div class=\"e-con-inner\">\n\t\t<div class=\"elementor-element elementor-element-d23a488 e-con-full e-flex e-con e-child\" data-id=\"d23a488\" data-element_type=\"container\">\n\t\t\t\t<div class=\"elementor-element elementor-element-33cea79 elementor-widget elementor-widget-heading\" data-id=\"33cea79\" data-element_type=\"widget\" data-widget_type=\"heading.default\">\n\t\t\t\t<div class=\"elementor-widget-container\">\n\t\t\t\t\t<h2 class=\"elementor-heading-title elementor-size-default\">Je suis un Chatbot int\u00e9grant une IA locale et s\u00e9curis\u00e9e !<\/h2>\t\t\t\t<\/div>\n\t\t\t\t<\/div>\n\t\t\t\t<div class=\"elementor-element elementor-element-d715ffb elementor-widget elementor-widget-text-editor\" data-id=\"d715ffb\" data-element_type=\"widget\" data-widget_type=\"text-editor.default\">\n\t\t\t\t<div class=\"elementor-widget-container\">\n\t\t\t\t\t\t\t\t\t<p>Vous pouvez me poser des questions en relation avec les sujets suivants :<\/p><ul><li><strong>Transports :\u00a0<\/strong>paiement du stationnement sur la voie publique, tickets unitaires ou abonnements aux Autobus de Monaco et Monabike<\/li><li><strong>Loisirs :\u00a0<\/strong>tickets pour le Mus\u00e9e oc\u00e9anographique, les bus Monaco Le Grand Tour, le Cin\u00e9ma des Beaux-Arts, le Palais Princier, la Collection de Voitures de S.A.S le Prince de Monaco, le Jardin Animalier ou encore l\u2019exposition estivale du Grimaldi Forum<\/li><li><strong>Sport :\u00a0<\/strong>billet unitaire ou abonnement pour les matchs \u00e0 domicile de l\u2019AS Monaco.<\/li><\/ul>\t\t\t\t\t\t\t\t<\/div>\n\t\t\t\t<\/div>\n\t\t\t\t<\/div>\n\t\t\t\t\t<\/div>\n\t\t\t\t<\/div>\n\t\t<div class=\"elementor-element elementor-element-00c56b4 e-flex e-con-boxed e-con e-parent\" data-id=\"00c56b4\" data-element_type=\"container\" data-settings=\"{&quot;background_background&quot;:&quot;classic&quot;}\">\n\t\t\t\t\t<div class=\"e-con-inner\">\n\t\t<div class=\"elementor-element elementor-element-985c47b e-con-full e-flex e-con e-child\" data-id=\"985c47b\" data-element_type=\"container\">\n\t\t\t\t<div class=\"elementor-element elementor-element-d80fca8 elementor-widget elementor-widget-html\" data-id=\"d80fca8\" data-element_type=\"widget\" data-widget_type=\"html.default\">\n\t\t\t\t<div class=\"elementor-widget-container\">\n\t\t\t\t\t<iframe src=\"https:\/\/app.maliz.ai\/embedding\/?chatbotid=424a0668-1e79-4c05-b25a-f750ad80ea34\" style=\"border:0\" width=\"100%\" height=\"600px\"><\/iframe>\t\t\t\t<\/div>\n\t\t\t\t<\/div>\n\t\t\t\t<\/div>\n\t\t\t\t\t<\/div>\n\t\t\t\t<\/div>\n\t\t\t\t<\/div>","protected":false},"excerpt":{"rendered":"<p>Je suis un Chatbot int\u00e9grant une IA locale et s\u00e9curis\u00e9e ! Vous pouvez me poser des questions en relation avec [&hellip;]<\/p>","protected":false},"author":3,"featured_media":0,"parent":0,"menu_order":0,"comment_status":"closed","ping_status":"closed","template":"","meta":{"_mo_disable_npp":"","_eb_attr":"","site-sidebar-layout":"no-sidebar","site-content-layout":"","ast-site-content-layout":"full-width-container","site-content-style":"default","site-sidebar-style":"default","ast-global-header-display":"","ast-banner-title-visibility":"","ast-main-header-display":"","ast-hfb-above-header-display":"","ast-hfb-below-header-display":"","ast-hfb-mobile-header-display":"","site-post-title":"disabled","ast-breadcrumbs-content":"","ast-featured-img":"disabled","footer-sml-layout":"","theme-transparent-header-meta":"","adv-header-id-meta":"","stick-header-meta":"","header-above-stick-meta":"","header-main-stick-meta":"","header-below-stick-meta":"","astra-migrate-meta-layouts":"default","ast-page-background-enabled":"default","ast-page-background-meta":{"desktop":{"background-color":"var(--ast-global-color-4)","background-image":"","background-repeat":"repeat","background-position":"center center","background-size":"auto","background-attachment":"scroll","background-type":"","background-media":"","overlay-type":"","overlay-color":"","overlay-opacity":"","overlay-gradient":""},"tablet":{"background-color":"","background-image":"","background-repeat":"repeat","background-position":"center center","background-size":"auto","background-attachment":"scroll","background-type":"","background-media":"","overlay-type":"","overlay-color":"","overlay-opacity":"","overlay-gradient":""},"mobile":{"background-color":"","background-image":"","background-repeat":"repeat","background-position":"center center","background-size":"auto","background-attachment":"scroll","background-type":"","background-media":"","overlay-type":"","overlay-color":"","overlay-opacity":"","overlay-gradient":""}},"ast-content-background-meta":{"desktop":{"background-color":"var(--ast-global-color-5)","background-image":"","background-repeat":"repeat","background-position":"center center","background-size":"auto","background-attachment":"scroll","background-type":"","background-media":"","overlay-type":"","overlay-color":"","overlay-opacity":"","overlay-gradient":""},"tablet":{"background-color":"var(--ast-global-color-5)","background-image":"","background-repeat":"repeat","background-position":"center center","background-size":"auto","background-attachment":"scroll","background-type":"","background-media":"","overlay-type":"","overlay-color":"","overlay-opacity":"","overlay-gradient":""},"mobile":{"background-color":"var(--ast-global-color-5)","background-image":"","background-repeat":"repeat","background-position":"center center","background-size":"auto","background-attachment":"scroll","background-type":"","background-media":"","overlay-type":"","overlay-color":"","overlay-opacity":"","overlay-gradient":""}},"footnotes":""},"class_list":["post-8326","page","type-page","status-publish","hentry"],"yoast_head":"<!-- This site is optimized with the Yoast SEO plugin v26.4 - https:\/\/yoast.com\/wordpress\/plugins\/seo\/ -->\n<title>Infomonaco - Maliz<\/title>\n<meta name=\"robots\" content=\"noindex, nofollow\" \/>\n<meta property=\"og:locale\" content=\"fr_FR\" \/>\n<meta property=\"og:type\" content=\"article\" \/>\n<meta property=\"og:title\" content=\"Infomonaco - Maliz\" \/>\n<meta property=\"og:description\" content=\"Je suis un Chatbot int\u00e9grant une IA locale et s\u00e9curis\u00e9e ! Vous pouvez me poser des questions en relation avec [&hellip;]\" \/>\n<meta property=\"og:url\" content=\"https:\/\/maliz.ai\/fr\/infomonaco\/\" \/>\n<meta property=\"og:site_name\" content=\"Maliz\" \/>\n<meta property=\"article:modified_time\" content=\"2025-07-14T14:43:30+00:00\" \/>\n<meta property=\"og:image\" content=\"https:\/\/maliz.ai\/wp-content\/uploads\/2025\/02\/Image-pano-Monaco-2.webp\" \/>\n<meta name=\"twitter:card\" content=\"summary_large_image\" \/>\n<meta name=\"twitter:label1\" content=\"Dur\u00e9e de lecture estim\u00e9e\" \/>\n\t<meta name=\"twitter:data1\" content=\"1 minute\" \/>\n<script type=\"application\/ld+json\" class=\"yoast-schema-graph\">{\"@context\":\"https:\/\/schema.org\",\"@graph\":[{\"@type\":\"WebPage\",\"@id\":\"https:\/\/maliz.ai\/fr\/infomonaco\/\",\"url\":\"https:\/\/maliz.ai\/fr\/infomonaco\/\",\"name\":\"Infomonaco - Maliz\",\"isPartOf\":{\"@id\":\"https:\/\/maliz.ai\/fr\/#website\"},\"primaryImageOfPage\":{\"@id\":\"https:\/\/maliz.ai\/fr\/infomonaco\/#primaryimage\"},\"image\":{\"@id\":\"https:\/\/maliz.ai\/fr\/infomonaco\/#primaryimage\"},\"thumbnailUrl\":\"https:\/\/maliz.ai\/wp-content\/uploads\/2025\/02\/Image-pano-Monaco-2.webp\",\"datePublished\":\"2025-02-14T07:21:02+00:00\",\"dateModified\":\"2025-07-14T14:43:30+00:00\",\"breadcrumb\":{\"@id\":\"https:\/\/maliz.ai\/fr\/infomonaco\/#breadcrumb\"},\"inLanguage\":\"fr-FR\",\"potentialAction\":[{\"@type\":\"ReadAction\",\"target\":[\"https:\/\/maliz.ai\/fr\/infomonaco\/\"]}]},{\"@type\":\"ImageObject\",\"inLanguage\":\"fr-FR\",\"@id\":\"https:\/\/maliz.ai\/fr\/infomonaco\/#primaryimage\",\"url\":\"https:\/\/maliz.ai\/wp-content\/uploads\/2025\/02\/Image-pano-Monaco-2.webp\",\"contentUrl\":\"https:\/\/maliz.ai\/wp-content\/uploads\/2025\/02\/Image-pano-Monaco-2.webp\"},{\"@type\":\"BreadcrumbList\",\"@id\":\"https:\/\/maliz.ai\/fr\/infomonaco\/#breadcrumb\",\"itemListElement\":[{\"@type\":\"ListItem\",\"position\":1,\"name\":\"Accueil\",\"item\":\"https:\/\/maliz.ai\/\"},{\"@type\":\"ListItem\",\"position\":2,\"name\":\"Infomonaco\"}]},{\"@type\":\"WebSite\",\"@id\":\"https:\/\/maliz.ai\/fr\/#website\",\"url\":\"https:\/\/maliz.ai\/fr\/\",\"name\":\"Maliz\",\"description\":\"\",\"publisher\":{\"@id\":\"https:\/\/maliz.ai\/fr\/#organization\"},\"potentialAction\":[{\"@type\":\"SearchAction\",\"target\":{\"@type\":\"EntryPoint\",\"urlTemplate\":\"https:\/\/maliz.ai\/fr\/?s={search_term_string}\"},\"query-input\":{\"@type\":\"PropertyValueSpecification\",\"valueRequired\":true,\"valueName\":\"search_term_string\"}}],\"inLanguage\":\"fr-FR\"},{\"@type\":\"Organization\",\"@id\":\"https:\/\/maliz.ai\/fr\/#organization\",\"name\":\"Maliz\",\"url\":\"https:\/\/maliz.ai\/fr\/\",\"logo\":{\"@type\":\"ImageObject\",\"inLanguage\":\"fr-FR\",\"@id\":\"https:\/\/maliz.ai\/fr\/#\/schema\/logo\/image\/\",\"url\":\"https:\/\/maliz.ai\/wp-content\/uploads\/2024\/05\/Group-1664.svg\",\"contentUrl\":\"https:\/\/maliz.ai\/wp-content\/uploads\/2024\/05\/Group-1664.svg\",\"width\":130,\"height\":48,\"caption\":\"Maliz\"},\"image\":{\"@id\":\"https:\/\/maliz.ai\/fr\/#\/schema\/logo\/image\/\"},\"sameAs\":[\"https:\/\/www.linkedin.com\/company\/maliz-ai\/\"]}]}<\/script>\n<!-- \/ Yoast SEO plugin. -->","yoast_head_json":{"title":"Infomonaco - Maliz","robots":{"index":"noindex","follow":"nofollow"},"og_locale":"fr_FR","og_type":"article","og_title":"Infomonaco - Maliz","og_description":"Je suis un Chatbot int\u00e9grant une IA locale et s\u00e9curis\u00e9e ! Vous pouvez me poser des questions en relation avec [&hellip;]","og_url":"https:\/\/maliz.ai\/fr\/infomonaco\/","og_site_name":"Maliz","article_modified_time":"2025-07-14T14:43:30+00:00","og_image":[{"url":"https:\/\/maliz.ai\/wp-content\/uploads\/2025\/02\/Image-pano-Monaco-2.webp","type":"","width":"","height":""}],"twitter_card":"summary_large_image","twitter_misc":{"Dur\u00e9e de lecture estim\u00e9e":"1 minute"},"schema":{"@context":"https:\/\/schema.org","@graph":[{"@type":"WebPage","@id":"https:\/\/maliz.ai\/fr\/infomonaco\/","url":"https:\/\/maliz.ai\/fr\/infomonaco\/","name":"Infomonaco - Maliz","isPartOf":{"@id":"https:\/\/maliz.ai\/fr\/#website"},"primaryImageOfPage":{"@id":"https:\/\/maliz.ai\/fr\/infomonaco\/#primaryimage"},"image":{"@id":"https:\/\/maliz.ai\/fr\/infomonaco\/#primaryimage"},"thumbnailUrl":"https:\/\/maliz.ai\/wp-content\/uploads\/2025\/02\/Image-pano-Monaco-2.webp","datePublished":"2025-02-14T07:21:02+00:00","dateModified":"2025-07-14T14:43:30+00:00","breadcrumb":{"@id":"https:\/\/maliz.ai\/fr\/infomonaco\/#breadcrumb"},"inLanguage":"fr-FR","potentialAction":[{"@type":"ReadAction","target":["https:\/\/maliz.ai\/fr\/infomonaco\/"]}]},{"@type":"ImageObject","inLanguage":"fr-FR","@id":"https:\/\/maliz.ai\/fr\/infomonaco\/#primaryimage","url":"https:\/\/maliz.ai\/wp-content\/uploads\/2025\/02\/Image-pano-Monaco-2.webp","contentUrl":"https:\/\/maliz.ai\/wp-content\/uploads\/2025\/02\/Image-pano-Monaco-2.webp"},{"@type":"BreadcrumbList","@id":"https:\/\/maliz.ai\/fr\/infomonaco\/#breadcrumb","itemListElement":[{"@type":"ListItem","position":1,"name":"Accueil","item":"https:\/\/maliz.ai\/"},{"@type":"ListItem","position":2,"name":"Infomonaco"}]},{"@type":"WebSite","@id":"https:\/\/maliz.ai\/fr\/#website","url":"https:\/\/maliz.ai\/fr\/","name":"Maliz","description":"","publisher":{"@id":"https:\/\/maliz.ai\/fr\/#organization"},"potentialAction":[{"@type":"SearchAction","target":{"@type":"EntryPoint","urlTemplate":"https:\/\/maliz.ai\/fr\/?s={search_term_string}"},"query-input":{"@type":"PropertyValueSpecification","valueRequired":true,"valueName":"search_term_string"}}],"inLanguage":"fr-FR"},{"@type":"Organization","@id":"https:\/\/maliz.ai\/fr\/#organization","name":"Maliz","url":"https:\/\/maliz.ai\/fr\/","logo":{"@type":"ImageObject","inLanguage":"fr-FR","@id":"https:\/\/maliz.ai\/fr\/#\/schema\/logo\/image\/","url":"https:\/\/maliz.ai\/wp-content\/uploads\/2024\/05\/Group-1664.svg","contentUrl":"https:\/\/maliz.ai\/wp-content\/uploads\/2024\/05\/Group-1664.svg","width":130,"height":48,"caption":"Maliz"},"image":{"@id":"https:\/\/maliz.ai\/fr\/#\/schema\/logo\/image\/"},"sameAs":["https:\/\/www.linkedin.com\/company\/maliz-ai\/"]}]}},"_links":{"self":[{"href":"https:\/\/maliz.ai\/fr\/wp-json\/wp\/v2\/pages\/8326","targetHints":{"allow":["GET"]}}],"collection":[{"href":"https:\/\/maliz.ai\/fr\/wp-json\/wp\/v2\/pages"}],"about":[{"href":"https:\/\/maliz.ai\/fr\/wp-json\/wp\/v2\/types\/page"}],"author":[{"embeddable":true,"href":"https:\/\/maliz.ai\/fr\/wp-json\/wp\/v2\/users\/3"}],"replies":[{"embeddable":true,"href":"https:\/\/maliz.ai\/fr\/wp-json\/wp\/v2\/comments?post=8326"}],"version-history":[{"count":88,"href":"https:\/\/maliz.ai\/fr\/wp-json\/wp\/v2\/pages\/8326\/revisions"}],"predecessor-version":[{"id":8417,"href":"https:\/\/maliz.ai\/fr\/wp-json\/wp\/v2\/pages\/8326\/revisions\/8417"}],"wp:attachment":[{"href":"https:\/\/maliz.ai\/fr\/wp-json\/wp\/v2\/media?parent=8326"}],"curies":[{"name":"wp","href":"https:\/\/api.w.org\/{rel}","templated":true}]}}